{"id":762,"date":"2024-03-01T11:20:20","date_gmt":"2024-03-01T14:20:20","guid":{"rendered":"https:\/\/robertalimaarte.com\/?page_id=762"},"modified":"2024-03-05T09:58:54","modified_gmt":"2024-03-05T12:58:54","slug":"exposicoes","status":"publish","type":"page","link":"https:\/\/robertalimaarte.com\/en\/exposicoes\/","title":{"rendered":"Exposi\u00e7\u00f5es"},"content":{"rendered":"<div data-elementor-type=\"wp-page\" data-elementor-id=\"762\" class=\"elementor elementor-762\" data-elementor-post-type=\"page\">\n\t\t\t\t\t\t<section class=\"elementor-section elementor-top-section elementor-element elementor-element-0e9db48 elementor-section-boxed elementor-section-height-default elementor-section-height-default\" data-id=\"0e9db48\" data-element_type=\"section\" data-settings=\"{&quot;ekit_has_onepagescroll_dot&quot;:&quot;yes&quot;}\">\n\t\t\t\t\t\t<div class=\"elementor-container elementor-column-gap-default\">\n\t\t\t\t\t<div class=\"aux-parallax-section elementor-column elementor-col-100 elementor-top-column elementor-element elementor-element-4dbac71\" data-id=\"4dbac71\" data-element_type=\"column\">\n\t\t\t<div class=\"elementor-widget-wrap elementor-element-populated\">\n\t\t\t\t\t\t<div class=\"elementor-element elementor-element-57062f5 aux-appear-watch-animation aux-fade-in-up-1 elementor-widget elementor-widget-aux_modern_heading\" data-id=\"57062f5\" data-element_type=\"widget\" data-settings=\"{&quot;ekit_we_effect_on&quot;:&quot;none&quot;}\" data-widget_type=\"aux_modern_heading.default\">\n\t\t\t\t<div class=\"elementor-widget-container\">\n\t\t\t\t\t<section class=\"aux-widget-modern-heading\">\n            <div class=\"aux-widget-inner\"><h2 class=\"aux-modern-heading-primary\">Exposi\u00e7\u00f5es<\/h2><\/div>\n        <\/section>\t\t\t\t<\/div>\n\t\t\t\t<\/div>\n\t\t\t\t\t<\/div>\n\t\t<\/div>\n\t\t\t\t\t<\/div>\n\t\t<\/section>\n\t\t\t\t<section class=\"elementor-section elementor-top-section elementor-element elementor-element-bc782f8 elementor-section-boxed elementor-section-height-default elementor-section-height-default\" data-id=\"bc782f8\" data-element_type=\"section\" data-settings=\"{&quot;ekit_has_onepagescroll_dot&quot;:&quot;yes&quot;}\">\n\t\t\t\t\t\t<div class=\"elementor-container elementor-column-gap-default\">\n\t\t\t\t\t<div class=\"aux-parallax-section elementor-column elementor-col-100 elementor-top-column elementor-element elementor-element-35c2a43\" data-id=\"35c2a43\" data-element_type=\"column\">\n\t\t\t<div class=\"elementor-widget-wrap elementor-element-populated\">\n\t\t\t\t\t\t<div class=\"aux-parallax-piece elementor-element elementor-element-6fb54dc aux-appear-watch-animation aux-fade-in-up-1 elementor-widget elementor-widget-aux_recent_portfolios_masonry\" data-parallax-origin=\"middle\" data-parallax-depth=\"0.15\" data-parallax-off=\"1024\" data-id=\"6fb54dc\" data-element_type=\"widget\" data-settings=\"{&quot;columns_tablet&quot;:&quot;2&quot;,&quot;columns&quot;:&quot;4&quot;,&quot;columns_mobile&quot;:&quot;1&quot;,&quot;ekit_we_effect_on&quot;:&quot;none&quot;}\" data-widget_type=\"aux_recent_portfolios_masonry.default\">\n\t\t\t\t<div class=\"elementor-widget-container\">\n\t\t\t\t\t<section class=\"widget-container aux-widget-recent-portfolios aux-parent-au486499fd\"><div id=\"69f06015cd572\" data-element-id=\"au486499fd\" class=\"aux-portfolio-columns aux-ajax-view aux-isotope-animated aux-isotope-layout aux-layout-grid aux-no-gutter aux-row aux-de-col4 aux-tb-col2 aux-mb-col1\" data-lazyload=\"true\" data-space=\"30\" data-pagination=\"false\" data-deeplink=\"false\" data-slug=\"\" data-perpage=\"\" data-layout=\"masonry\" data-reveal-transition-duration=\"500\" data-reveal-between-delay=\"60\" data-hide-transition-duration=\"500\" data-hide-between-delay=\"30\" data-num=\"45\" data-order=\"DESC\" data-orderby=\"date\" data-taxonomy=\"\" data-n=\"ac1f680e8a\"><div class=\"aux-items-loading aux-loading-hide\"><div class=\"aux-loading-loop\"><svg class=\"aux-circle\" width=\"100%\" height=\"100%\" viewbox=\"0 0 42 42\"><circle class=\"aux-stroke-bg\" r=\"20\" cx=\"21\" cy=\"21\" fill=\"none\"><\/circle><circle class=\"aux-progress\" r=\"20\" cx=\"21\" cy=\"21\" fill=\"none\" transform=\"rotate(-90 21 21)\"><\/circle><\/svg><\/div><\/div><div class=\"aux-iso-item aux-loading aux-col\">                        <article class=\"post-780 portfolio type-portfolio status-publish has-post-thumbnail hentry portfolio-cat-exposicoes portfolio-tag-uncategorized portfolio-filter-uncategorized\" >\n                            <div class=\"\">\n                                <div class=\"entry-media\">\n                                    <div class=\"aux-media-frame aux-media-image\"><a href=\"https:\/\/robertalimaarte.com\/en\/obras\/alegria-sao-paulo\/\"><img width=\"312\" class=\"aux-attachment aux-featured-image attachment-312x aux-attachment-id-781\" alt=\"marca vertical\" data-original-w=\"312\" sizes=\"auto\" data-srcset=\"https:\/\/robertalimaarte.com\/wp-content\/uploads\/2024\/03\/marca-vertical-120x150.jpg 150w,https:\/\/robertalimaarte.com\/wp-content\/uploads\/2024\/03\/marca-vertical-240x300.jpg 300w,https:\/\/robertalimaarte.com\/wp-content\/uploads\/2024\/03\/marca-vertical.jpg 312w,https:\/\/robertalimaarte.com\/wp-content\/uploads\/2024\/03\/marca-vertical.jpg 312w\" data-src=\"https:\/\/robertalimaarte.com\/wp-content\/uploads\/2024\/03\/marca-vertical.jpg\" \/><\/a><\/div>                                <\/div>\n\n                                                            <\/div>\n\n                                                        <div class=\"entry-main\">\n\n                                                                <header class=\"entry-header\">\n                                    <h3 class=\"entry-title\">\n                                        <a href=\"https:\/\/robertalimaarte.com\/en\/obras\/alegria-sao-paulo\/\">\n                                            ALEGRIA &#8211; S\u00c3O PAULO                                        <\/a>\n                                    <\/h3>\n                                <\/header>\n                                                                                                                                                            <\/div>\n                            \n                        <\/article>\n<\/div><div class=\"aux-iso-item aux-loading aux-col\">                        <article class=\"post-764 portfolio type-portfolio status-publish has-post-thumbnail hentry portfolio-cat-exposicoes portfolio-tag-uncategorized portfolio-filter-uncategorized\" >\n                            <div class=\"\">\n                                <div class=\"entry-media\">\n                                    <div class=\"aux-media-frame aux-media-image\"><a href=\"https:\/\/robertalimaarte.com\/en\/obras\/elas-delas-por-elas-madrid-outubro-2023\/\"><img width=\"340\" class=\"aux-attachment aux-featured-image attachment-340x aux-attachment-id-779\" alt=\"marca\" data-original-w=\"430\" sizes=\"auto\" data-srcset=\"https:\/\/robertalimaarte.com\/wp-content\/uploads\/2024\/03\/marca-120x150.jpg 150w,https:\/\/robertalimaarte.com\/wp-content\/uploads\/2024\/03\/marca-240x300.jpg 300w,https:\/\/robertalimaarte.com\/wp-content\/uploads\/2024\/03\/marca.jpg 340w,https:\/\/robertalimaarte.com\/wp-content\/uploads\/2024\/03\/marca.jpg 430w\" data-src=\"https:\/\/robertalimaarte.com\/wp-content\/uploads\/2024\/03\/marca.jpg\" \/><\/a><\/div>                                <\/div>\n\n                                                            <\/div>\n\n                                                        <div class=\"entry-main\">\n\n                                                                <header class=\"entry-header\">\n                                    <h3 class=\"entry-title\">\n                                        <a href=\"https:\/\/robertalimaarte.com\/en\/obras\/elas-delas-por-elas-madrid-outubro-2023\/\">\n                                            ELAS, DELAS POR ELAS \u2013 MADRID                                        <\/a>\n                                    <\/h3>\n                                <\/header>\n                                                                                                                                                            <\/div>\n                            \n                        <\/article>\n<\/div><\/div><script type=\"text\/javascript\">var au486499fdAjaxConfig = {\"title\":\"\",\"cat\":[\"19\"],\"num\":45,\"only_posts__in\":\"\",\"include\":\"\",\"exclude\":\"\",\"posts_per_page\":-1,\"offset\":\"\",\"order_by\":\"date\",\"order\":\"DESC\",\"exclude_without_media\":\"yes\",\"display_like\":\"\",\"deeplink\":\"\",\"use_ajax\":\"yes\",\"deeplink_slug\":null,\"show_filters\":\"\",\"filter_by\":null,\"filter_style\":null,\"filter_align\":null,\"reveal_transition_duration\":500,\"reveal_between_delay\":\"60\",\"hide_transition_duration\":500,\"hide_between_delay\":\"30\",\"item_style\":\"classic\",\"tile_style_pattern\":\"default\",\"tiles_item_style\":\"overlay\",\"entry_background_color\":\"\",\"entry_border_color\":\"\",\"paginate\":\"\",\"perpage\":null,\"crop\":true,\"display_title\":\"yes\",\"show_info\":\"\",\"display_read_more\":false,\"image_aspect_ratio\":0.75,\"space\":30,\"desktop_cnum\":\"4\",\"tablet_cnum\":\"2\",\"phone_cnum\":\"1\",\"layout\":\"masonry\",\"tag\":\"\",\"filter\":\"\",\"extra_classes\":\"\",\"extra_column_classes\":\"\",\"custom_el_id\":\"\",\"template_part_file\":\"recent-portfolio\",\"extra_template_path\":\"\\\/home\\\/u770828491\\\/domains\\\/robertalimaarte.com\\\/public_html\\\/wp-content\\\/plugins\\\/auxin-portfolio\\\/public\\\/templates\\\/elements\",\"universal_id\":\"au486499fd\",\"query_args\":[],\"term\":\"\",\"reset_query\":true,\"use_wp_query\":false,\"wp_query_args\":[],\"custom_wp_query\":\"\",\"loadmore_type\":\"\",\"loadmore_label\":\"arrow\",\"loadmore_per_page\":45,\"term_field\":\"slug\",\"base\":\"aux_recent_portfolios_grid\",\"base_class\":\"aux-widget-recent-portfolios\",\"paged\":\"\",\"override_global_query\":false,\"content\":null,\"skip_wrappers\":false,\"content_width\":1600,\"inview_transition\":\"none\",\"inview_duration\":\"\",\"inview_delay\":\"\",\"inview_repeat\":\"no\",\"inview_offset\":\"\",\"called_from\":\"elementor\"};<\/script><\/section><!-- widget-container -->\t\t\t\t<\/div>\n\t\t\t\t<\/div>\n\t\t\t\t\t<\/div>\n\t\t<\/div>\n\t\t\t\t\t<\/div>\n\t\t<\/section>\n\t\t\t\t<\/div>","protected":false},"excerpt":{"rendered":"<p>Exposi\u00e7\u00f5es ALEGRIA &#8211; S\u00c3O PAULO ELAS, DELAS POR ELAS \u2013 MADRID<\/p>","protected":false},"author":1,"featured_media":0,"parent":0,"menu_order":0,"comment_status":"closed","ping_status":"closed","template":"","meta":{"footnotes":""},"class_list":["post-762","page","type-page","status-publish","hentry"],"aioseo_notices":[],"_links":{"self":[{"href":"https:\/\/robertalimaarte.com\/en\/wp-json\/wp\/v2\/pages\/762","targetHints":{"allow":["GET"]}}],"collection":[{"href":"https:\/\/robertalimaarte.com\/en\/wp-json\/wp\/v2\/pages"}],"about":[{"href":"https:\/\/robertalimaarte.com\/en\/wp-json\/wp\/v2\/types\/page"}],"author":[{"embeddable":true,"href":"https:\/\/robertalimaarte.com\/en\/wp-json\/wp\/v2\/users\/1"}],"replies":[{"embeddable":true,"href":"https:\/\/robertalimaarte.com\/en\/wp-json\/wp\/v2\/comments?post=762"}],"version-history":[{"count":7,"href":"https:\/\/robertalimaarte.com\/en\/wp-json\/wp\/v2\/pages\/762\/revisions"}],"predecessor-version":[{"id":792,"href":"https:\/\/robertalimaarte.com\/en\/wp-json\/wp\/v2\/pages\/762\/revisions\/792"}],"wp:attachment":[{"href":"https:\/\/robertalimaarte.com\/en\/wp-json\/wp\/v2\/media?parent=762"}],"curies":[{"name":"wp","href":"https:\/\/api.w.org\/{rel}","templated":true}]}}