{"id":53,"date":"2020-07-18T11:08:58","date_gmt":"2020-07-18T14:08:58","guid":{"rendered":"https:\/\/robertalimaarte.com\/index.php\/about\/"},"modified":"2023-06-15T08:06:41","modified_gmt":"2023-06-15T11:06:41","slug":"a-artista","status":"publish","type":"page","link":"https:\/\/robertalimaarte.com\/en\/a-artista\/","title":{"rendered":"A Artista"},"content":{"rendered":"<div data-elementor-type=\"wp-page\" data-elementor-id=\"53\" class=\"elementor elementor-53\" data-elementor-post-type=\"page\">\n\t\t\t\t\t\t<section class=\"elementor-section elementor-top-section elementor-element elementor-element-d4f2687 elementor-section-height-min-height elementor-section-boxed elementor-section-height-default elementor-section-items-middle\" data-id=\"d4f2687\" data-element_type=\"section\" data-settings=\"{&quot;background_background&quot;:&quot;classic&quot;,&quot;ekit_has_onepagescroll_dot&quot;:&quot;yes&quot;}\">\n\t\t\t\t\t\t\t<div class=\"elementor-background-overlay\"><\/div>\n\t\t\t\t\t\t\t<div class=\"elementor-container elementor-column-gap-no\">\n\t\t\t\t\t<div class=\"aux-parallax-section elementor-column elementor-col-100 elementor-top-column elementor-element elementor-element-53a6b1e\" data-id=\"53a6b1e\" data-element_type=\"column\">\n\t\t\t<div class=\"elementor-widget-wrap elementor-element-populated\">\n\t\t\t\t\t\t<div class=\"elementor-element elementor-element-389b080 aux-appear-watch-animation aux-slide-from-bot elementor-widget elementor-widget-aux_modern_heading\" data-id=\"389b080\" data-element_type=\"widget\" data-settings=\"{&quot;ekit_we_effect_on&quot;:&quot;none&quot;}\" data-widget_type=\"aux_modern_heading.default\">\n\t\t\t\t<div class=\"elementor-widget-container\">\n\t\t\t\t\t<section class=\"aux-widget-modern-heading\">\n            <div class=\"aux-widget-inner\"><h2 class=\"aux-modern-heading-primary\">The Artist<\/h2><\/div>\n        <\/section>\t\t\t\t<\/div>\n\t\t\t\t<\/div>\n\t\t\t\t\t<\/div>\n\t\t<\/div>\n\t\t\t\t\t<\/div>\n\t\t<\/section>\n\t\t\t\t<section class=\"elementor-section elementor-top-section elementor-element elementor-element-cd9c53a elementor-section-boxed elementor-section-height-default elementor-section-height-default\" data-id=\"cd9c53a\" data-element_type=\"section\" data-settings=\"{&quot;ekit_has_onepagescroll_dot&quot;:&quot;yes&quot;}\">\n\t\t\t\t\t\t<div class=\"elementor-container elementor-column-gap-no\">\n\t\t\t\t\t<div class=\"aux-parallax-section elementor-column elementor-col-100 elementor-top-column elementor-element elementor-element-6505853\" data-id=\"6505853\" data-element_type=\"column\">\n\t\t\t<div class=\"elementor-widget-wrap elementor-element-populated\">\n\t\t\t\t\t\t<div class=\"elementor-element elementor-element-4d8af25 aux-appear-watch-animation aux-fade-in-up-1 elementor-widget elementor-widget-aux_modern_heading\" data-id=\"4d8af25\" data-element_type=\"widget\" data-settings=\"{&quot;ekit_we_effect_on&quot;:&quot;none&quot;}\" data-widget_type=\"aux_modern_heading.default\">\n\t\t\t\t<div class=\"elementor-widget-container\">\n\t\t\t\t\t<section class=\"aux-widget-modern-heading\">\n            <div class=\"aux-widget-inner\"><h2 class=\"aux-modern-heading-primary\">\"Life comes from mixing colors\"<\/h2><div class=\"aux-modern-heading-divider\"><\/div><\/div>\n        <\/section>\t\t\t\t<\/div>\n\t\t\t\t<\/div>\n\t\t\t\t<div class=\"elementor-element elementor-element-3feb2ab elementor-widget elementor-widget-aux_icon_list\" data-id=\"3feb2ab\" data-element_type=\"widget\" data-settings=\"{&quot;ekit_we_effect_on&quot;:&quot;none&quot;}\" data-widget_type=\"aux_icon_list.default\">\n\t\t\t\t<div class=\"elementor-widget-container\">\n\t\t\t\t\t<section class=\"widget-container aux-widget-icon-list aux-parent-auf500656a\"><div class=\"widget-inner\"><div class=\"aux-widget-icon-list-inner\"><ul class=\"aux-icon-list-items aux-direction-horizontal\"><li class=\"aux-icon-list-item aux-list-item-has-connector aux-list-item-has-icon aux-icon-list-item-2fb7fa9 elementor-repeater-item-2fb7fa9\"><a class=\"aux-icon-list-link\" href=\"https:\/\/www.instagram.com\/robertalimaarte\/\"><i aria-hidden=\"true\" class=\"aux-icon-list-icon fab fa-instagram\"><\/i><span class=\"aux-list-connector\"><\/span><\/a><\/li><li class=\"aux-icon-list-item aux-list-item-has-connector aux-list-item-has-icon aux-icon-list-item-32a0a59 elementor-repeater-item-32a0a59\"><a class=\"aux-icon-list-link\" href=\"https:\/\/www.facebook.com\/robertalimaarte\"><i aria-hidden=\"true\" class=\"aux-icon-list-icon fab fa-facebook-f\"><\/i><span class=\"aux-list-connector\"><\/span><\/a><\/li><\/ul><\/div><\/div><\/section><!-- widget-container -->\t\t\t\t<\/div>\n\t\t\t\t<\/div>\n\t\t\t\t\t<\/div>\n\t\t<\/div>\n\t\t\t\t\t<\/div>\n\t\t<\/section>\n\t\t\t\t<section class=\"elementor-section elementor-top-section elementor-element elementor-element-2c097e3 elementor-section-content-bottom elementor-section-boxed elementor-section-height-default elementor-section-height-default\" data-id=\"2c097e3\" data-element_type=\"section\" data-settings=\"{&quot;ekit_has_onepagescroll_dot&quot;:&quot;yes&quot;}\">\n\t\t\t\t\t\t<div class=\"elementor-container elementor-column-gap-no\">\n\t\t\t\t\t<div class=\"aux-parallax-section elementor-column elementor-col-50 elementor-top-column elementor-element elementor-element-e2139ce\" data-id=\"e2139ce\" data-element_type=\"column\">\n\t\t\t<div class=\"elementor-widget-wrap elementor-element-populated\">\n\t\t\t\t\t\t<div class=\"elementor-element elementor-element-de8cf9b elementor-widget__width-initial elementor-widget elementor-widget-image\" data-id=\"de8cf9b\" data-element_type=\"widget\" data-settings=\"{&quot;ekit_we_effect_on&quot;:&quot;none&quot;}\" data-widget_type=\"image.default\">\n\t\t\t\t<div class=\"elementor-widget-container\">\n\t\t\t\t\t\t\t\t\t\t\t\t\t\t\t<img fetchpriority=\"high\" decoding=\"async\" width=\"458\" height=\"412\" src=\"https:\/\/robertalimaarte.com\/wp-content\/uploads\/2023\/06\/roberta_lima2.webp\" class=\"attachment-large size-large wp-image-138\" alt=\"\" srcset=\"https:\/\/robertalimaarte.com\/wp-content\/uploads\/2023\/06\/roberta_lima2.webp 458w, https:\/\/robertalimaarte.com\/wp-content\/uploads\/2023\/06\/roberta_lima2-200x180.webp 200w\" sizes=\"(max-width: 458px) 100vw, 458px\" \/>\t\t\t\t\t\t\t\t\t\t\t\t\t\t\t<\/div>\n\t\t\t\t<\/div>\n\t\t\t\t\t<\/div>\n\t\t<\/div>\n\t\t\t\t<div class=\"aux-parallax-section elementor-column elementor-col-50 elementor-top-column elementor-element elementor-element-75bfb72\" data-id=\"75bfb72\" data-element_type=\"column\">\n\t\t\t<div class=\"elementor-widget-wrap elementor-element-populated\">\n\t\t\t\t\t\t<div class=\"elementor-element elementor-element-a52fd76 elementor-widget elementor-widget-heading\" data-id=\"a52fd76\" data-element_type=\"widget\" data-settings=\"{&quot;ekit_we_effect_on&quot;:&quot;none&quot;}\" data-widget_type=\"heading.default\">\n\t\t\t\t<div class=\"elementor-widget-container\">\n\t\t\t\t\t<h4 class=\"elementor-heading-title elementor-size-default\">I'm Roberta Lima, digital artist.<\/h4>\t\t\t\t<\/div>\n\t\t\t\t<\/div>\n\t\t\t\t<div class=\"elementor-element elementor-element-f4f52df aux-appear-watch-animation aux-fade-in-right elementor-widget elementor-widget-aux_modern_heading\" data-id=\"f4f52df\" data-element_type=\"widget\" data-settings=\"{&quot;ekit_we_effect_on&quot;:&quot;none&quot;}\" data-widget_type=\"aux_modern_heading.default\">\n\t\t\t\t<div class=\"elementor-widget-container\">\n\t\t\t\t\t<section class=\"aux-widget-modern-heading\">\n            <div class=\"aux-widget-inner\"><h2 class=\"aux-modern-heading-primary\"><\/h2><div class=\"aux-modern-heading-description\"><p>Since I was a child, the world of arts has fascinated me. From the drawing folder to the painted plaster vases, creating was my best hobby. As an adult, the hobby became a profession. I graduated in advertising working in the creative area at some agencies in Recife, my city.<\/p><p>Painting and photography courses came and I started creating new passions. All focused on the sensitivity of the eye, mixing lights, shapes and colors. Photography intensified as art gained more strength and presence in my life.<\/p><p>My eye became more and more keen on the combination of colors, proportions and aesthetics. My purpose was transformed into the desire to make environments more beautiful, welcoming, full of good energy and harmony. I invite you to stroll through my website and discover my colorful universe of abstract shapes.<\/p><p>Choose the frame that best suits you. Click on the WhatsApp icon and let's talk.<\/p><p>It will be a great pleasure to make your personalized painting and make your wall livelier!<\/p><\/div><\/div>\n        <\/section>\t\t\t\t<\/div>\n\t\t\t\t<\/div>\n\t\t\t\t\t<\/div>\n\t\t<\/div>\n\t\t\t\t\t<\/div>\n\t\t<\/section>\n\t\t\t\t<\/div>","protected":false},"excerpt":{"rendered":"<p>A artista \u201cA vida brota na mistura das cores\u201d Eu sou Roberta Lima, artista digital. Desde crian\u00e7a o universo das artes me fascina. Da pasta de desenhos aos vasinhos de gesso pintados, criar era meu melhor passatempo. J\u00e1 adulta, o passatempo virou profiss\u00e3o. Me formei em publicidade trabalhando na \u00e1rea de cria\u00e7\u00e3o em algumas ag\u00eancias [&hellip;]<\/p>","protected":false},"author":1,"featured_media":0,"parent":0,"menu_order":0,"comment_status":"closed","ping_status":"closed","template":"templates\/page-builder-content.php","meta":{"footnotes":""},"class_list":["post-53","page","type-page","status-publish","hentry"],"aioseo_notices":[],"_links":{"self":[{"href":"https:\/\/robertalimaarte.com\/en\/wp-json\/wp\/v2\/pages\/53","targetHints":{"allow":["GET"]}}],"collection":[{"href":"https:\/\/robertalimaarte.com\/en\/wp-json\/wp\/v2\/pages"}],"about":[{"href":"https:\/\/robertalimaarte.com\/en\/wp-json\/wp\/v2\/types\/page"}],"author":[{"embeddable":true,"href":"https:\/\/robertalimaarte.com\/en\/wp-json\/wp\/v2\/users\/1"}],"replies":[{"embeddable":true,"href":"https:\/\/robertalimaarte.com\/en\/wp-json\/wp\/v2\/comments?post=53"}],"version-history":[{"count":72,"href":"https:\/\/robertalimaarte.com\/en\/wp-json\/wp\/v2\/pages\/53\/revisions"}],"predecessor-version":[{"id":452,"href":"https:\/\/robertalimaarte.com\/en\/wp-json\/wp\/v2\/pages\/53\/revisions\/452"}],"wp:attachment":[{"href":"https:\/\/robertalimaarte.com\/en\/wp-json\/wp\/v2\/media?parent=53"}],"curies":[{"name":"wp","href":"https:\/\/api.w.org\/{rel}","templated":true}]}}